{"id":678,"date":"2023-12-31T07:54:50","date_gmt":"2023-12-31T06:54:50","guid":{"rendered":"https:\/\/www.sella-bike.cz\/?page_id=678"},"modified":"2023-12-31T07:54:51","modified_gmt":"2023-12-31T06:54:51","slug":"mam-zajem-o-kolo","status":"publish","type":"page","link":"https:\/\/www.sella-bike.cz\/?page_id=678","title":{"rendered":"M\u00e1m z\u00e1jem o kolo"},"content":{"rendered":"\n<h3 class=\"wp-block-heading has-text-align-center has-accent-color has-text-color has-link-color wp-elements-86b6674de82364d4f8076735ac2b184b\">M\u00e1m z\u00e1jem o kolo:<\/h3>\n\n\n<div class=\"everest-forms\"><div class=\"evf-container default\" id=\"evf-631\"><form id=\"evf-form-631\" class=\"everest-form\" data-formid=\"631\" data-ajax_submission=\"0\" data-keyboard_friendly_form=\"0\" method=\"post\" enctype=\"multipart\/form-data\" action=\"\/index.php?rest_route=%2Fwp%2Fv2%2Fpages%2F678\"><div class=\"evf-field-container\"><input type=\"hidden\" id=\"_wpnonce631\" name=\"_wpnonce631\" value=\"b131c80e75\" \/><input type=\"hidden\" name=\"_wp_http_referer\" value=\"\/index.php?rest_route=%2Fwp%2Fv2%2Fpages%2F678\" \/><div class=\"evf-frontend-row\" data-row=\"row_1\" conditional_rules=\"[]\"><div class=\"evf-frontend-grid evf-grid-2\" data-grid=\"grid_1\"><div id=\"evf-631-field_CU5qPLGLV8-1-container\" class=\"evf-field evf-field-first-name form-row validate-required\" data-required-field-message=\"This field is required.\" data-field-id=\"CU5qPLGLV8-1\"><label class=\"evf-field-label\" for=\"evf-631-field_CU5qPLGLV8-1\"><span class=\"evf-label\">Jm\u00e9no<\/span> <abbr class=\"required\" title=\"Required\">*<\/abbr><\/label><input type=\"text\" id=\"evf-631-field_CU5qPLGLV8-1\" class=\"input-text\" name=\"everest_forms[form_fields][CU5qPLGLV8-1]\" required><\/div><div id=\"evf-631-field_6IIKr6iHwY-3-container\" class=\"evf-field evf-field-email form-row validate-required validate-email\" data-required-field-message=\"Please enter a valid email address.\" data-field-id=\"6IIKr6iHwY-3\"><label class=\"evf-field-label\" for=\"evf-631-field_6IIKr6iHwY-3\"><span class=\"evf-label\">Email<\/span> <abbr class=\"required\" title=\"Required\">*<\/abbr><\/label><input type=\"email\" id=\"evf-631-field_6IIKr6iHwY-3\" class=\"input-text\" name=\"everest_forms[form_fields][6IIKr6iHwY-3]\" placeholder=\"\u2709\ufe0f\" required ><\/div><\/div><div class=\"evf-frontend-grid evf-grid-2\" data-grid=\"grid_2\"><div id=\"evf-631-field_GmZO1FXrsF-2-container\" class=\"evf-field evf-field-last-name form-row validate-required\" data-required-field-message=\"This field is required.\" data-field-id=\"GmZO1FXrsF-2\"><label class=\"evf-field-label\" for=\"evf-631-field_GmZO1FXrsF-2\"><span class=\"evf-label\">P\u0159\u00edjm\u011bn\u00ed<\/span> <abbr class=\"required\" title=\"Required\">*<\/abbr><\/label><input type=\"text\" id=\"evf-631-field_GmZO1FXrsF-2\" class=\"input-text\" name=\"everest_forms[form_fields][GmZO1FXrsF-2]\" required><\/div><div id=\"evf-631-field_EWUVh0kW9b-4-container\" class=\"evf-field evf-field-number form-row validate-required\" data-required-field-message=\"Please enter a valid number.\" data-field-id=\"EWUVh0kW9b-4\"><label class=\"evf-field-label\" for=\"evf-631-field_EWUVh0kW9b-4\"><span class=\"evf-label\">Telefon<\/span> <abbr class=\"required\" title=\"Required\">*<\/abbr><\/label><input type=\"number\" id=\"evf-631-field_EWUVh0kW9b-4\" class=\"input-text\" name=\"everest_forms[form_fields][EWUVh0kW9b-4]\" placeholder=\"\ud83d\udcde\" required\/><\/div><\/div><\/div><div class=\"evf-frontend-row\" data-row=\"row_2\" conditional_rules=\"[]\"><div class=\"evf-frontend-grid evf-grid-1\" data-grid=\"grid_1\"><div id=\"evf-631-field_Z3dwZ4vlcS-5-container\" class=\"evf-field evf-field-text form-row validate-required\" data-required-field-message=\"This field is required.\" data-field-id=\"Z3dwZ4vlcS-5\"><label class=\"evf-field-label\" for=\"evf-631-field_Z3dwZ4vlcS-5\"><span class=\"evf-label\">O jak\u00e9 kolo m\u00e1m z\u00e1jem<\/span> <abbr class=\"required\" title=\"Required\">*<\/abbr><\/label><input type=\"text\" id=\"evf-631-field_Z3dwZ4vlcS-5\" class=\"input-text\" name=\"everest_forms[form_fields][Z3dwZ4vlcS-5]\" placeholder=\"\ud83d\udeb2\" required><\/div><\/div><\/div><\/div><div class=\"evf-honeypot-container evf-field-hp\"><label for=\"evf-631-field-hp\" class=\"evf-field-label\">Name<\/label><input type=\"text\" name=\"everest_forms[hp]\" id=\"evf-631-field-hp\" class=\"input-text\"><\/div><div class=\"evf-submit-container \" ><input type=\"hidden\" name=\"everest_forms[id]\" value=\"631\"><input type=\"hidden\" name=\"everest_forms[author]\" value=\"1\"><button type='submit' name='everest_forms[submit]' class='everest-forms-submit-button button evf-submit ' id='evf-submit-631' value='evf-submit' data-process-text=\"zpracov\u00e1v\u00e1n\u00ed\u2026\" conditional_rules='&quot;&quot;' conditional_id='evf-submit-631'  id=\"evf-submit-631\" aria-live=\"assertive\">Odeslat<\/button><\/div><\/form><\/div><!-- .evf-container --><\/div>","protected":false},"excerpt":{"rendered":"<p>M\u00e1m z\u00e1jem o kolo:<\/p>\n","protected":false},"author":1,"featured_media":0,"parent":0,"menu_order":0,"comment_status":"closed","ping_status":"closed","template":"","meta":{"_acf_changed":false,"_uag_custom_page_level_css":"","footnotes":""},"class_list":["post-678","page","type-page","status-publish","hentry"],"acf":[],"uagb_featured_image_src":{"full":false,"thumbnail":false,"medium":false,"medium_large":false,"large":false,"1536x1536":false,"2048x2048":false,"post-thumbnail":false,"twentytwenty-fullscreen":false},"uagb_author_info":{"display_name":"hw023779","author_link":"https:\/\/www.sella-bike.cz\/?author=1"},"uagb_comment_info":0,"uagb_excerpt":"M\u00e1m z\u00e1jem o kolo:","rttpg_featured_image_url":null,"rttpg_author":{"display_name":"hw023779","author_link":"https:\/\/www.sella-bike.cz\/?author=1"},"rttpg_comment":0,"rttpg_category":null,"rttpg_excerpt":"M\u00e1m z\u00e1jem o kolo:","_links":{"self":[{"href":"https:\/\/www.sella-bike.cz\/index.php?rest_route=\/wp\/v2\/pages\/678","targetHints":{"allow":["GET"]}}],"collection":[{"href":"https:\/\/www.sella-bike.cz\/index.php?rest_route=\/wp\/v2\/pages"}],"about":[{"href":"https:\/\/www.sella-bike.cz\/index.php?rest_route=\/wp\/v2\/types\/page"}],"author":[{"embeddable":true,"href":"https:\/\/www.sella-bike.cz\/index.php?rest_route=\/wp\/v2\/users\/1"}],"replies":[{"embeddable":true,"href":"https:\/\/www.sella-bike.cz\/index.php?rest_route=%2Fwp%2Fv2%2Fcomments&post=678"}],"version-history":[{"count":0,"href":"https:\/\/www.sella-bike.cz\/index.php?rest_route=\/wp\/v2\/pages\/678\/revisions"}],"wp:attachment":[{"href":"https:\/\/www.sella-bike.cz\/index.php?rest_route=%2Fwp%2Fv2%2Fmedia&parent=678"}],"curies":[{"name":"wp","href":"https:\/\/api.w.org\/{rel}","templated":true}]}}